{"id":144,"date":"2025-04-04T10:00:18","date_gmt":"2025-04-04T08:00:18","guid":{"rendered":"https:\/\/liob.fr\/?page_id=144"},"modified":"2025-04-04T10:05:53","modified_gmt":"2025-04-04T08:05:53","slug":"blog","status":"publish","type":"page","link":"https:\/\/liob.fr\/index.php\/blog\/","title":{"rendered":"Blog"},"content":{"rendered":"\n<p>Voici tous nos articles<\/p>\n\n\n<style type='text\/css' media='all'>#rt-tpg-container-4141245490 .rt-holder .rt-woo-info .price{color:#0367bf;}body .rt-tpg-container .rt-tpg-isotope-buttons .selected,\n\t\t\t\t\t#rt-tpg-container-4141245490 .layout12 .rt-holder:hover .rt-detail,\n\t\t\t\t\t#rt-tpg-container-4141245490 .isotope8 .rt-holder:hover .rt-detail,\n\t\t\t\t\t#rt-tpg-container-4141245490 .carousel8 .rt-holder:hover .rt-detail,\n\t\t\t\t\t#rt-tpg-container-4141245490 .layout13 .rt-holder .overlay .post-info,\n\t\t\t\t\t#rt-tpg-container-4141245490 .isotope9 .rt-holder .overlay .post-info,\n\t\t\t\t\t#rt-tpg-container-4141245490.rt-tpg-container .layout4 .rt-holder .rt-detail,\n\t\t\t\t\t.rt-modal-4141245490 .md-content,\n\t\t\t\t\t.rt-modal-4141245490 .md-content > .rt-md-content-holder .rt-md-content,\n\t\t\t\t\t.rt-popup-wrap-4141245490.rt-popup-wrap .rt-popup-navigation-wrap,\n\t\t\t\t\t#rt-tpg-container-4141245490 .carousel9 .rt-holder .overlay .post-info{background-color:#0367bf;}#rt-tpg-container-4141245490 .layout5 .rt-holder .overlay, #rt-tpg-container-4141245490 .isotope2 .rt-holder .overlay, #rt-tpg-container-4141245490 .carousel2 .rt-holder .overlay,#rt-tpg-container-4141245490 .layout15 .rt-holder h3, #rt-tpg-container-4141245490 .isotope11 .rt-holder h3, #rt-tpg-container-4141245490 .carousel11 .rt-holder h3, #rt-tpg-container-4141245490 .layout16 .rt-holder h3,\n\t\t\t\t\t#rt-tpg-container-4141245490 .isotope12 .rt-holder h3, #rt-tpg-container-4141245490 .carousel12 .rt-holder h3 {background-color:rgba(3,103,191,0.8);}#rt-tpg-container-4141245490 .read-more a{border-radius:px;}#rt-tpg-container-4141245490 .rt-img-holder img.rt-img-responsive,#rt-tpg-container-4141245490 .rt-img-holder,\n\t\t\t\t\t#rt-tpg-container-4141245490 .rt-post-overlay .post-img,\n\t\t\t\t\t#rt-tpg-container-4141245490 .post-sm .post-img,\n\t\t\t\t\t#rt-tpg-container-4141245490 .rt-post-grid .post-img,\n\t\t\t\t\t#rt-tpg-container-4141245490 .post-img img {border-radius:px;}<\/style><div class='rt-container-fluid rt-tpg-container tpg-shortcode-main-wrapper ' id='rt-tpg-container-4141245490'   data-layout='layout2' data-grid-style='even' data-desktop-col='1'  data-tab-col='2'  data-mobile-col='3' data-sc-id='149'><div class=\"tpg-widget-heading-wrapper heading-style1 \"><span class=\"tpg-widget-heading-line line-left\"><\/span><h2 class=\"tpg-widget-heading\"><\/h2><span class=\"tpg-widget-heading-line\"><\/span><\/div><div data-title='Loading ...' class='rt-row rt-content-loader   layout2 tpg-even '><div class=\"rt-col-md-12 rt-col-sm-6 rt-col-xs-4 even-grid-item rt-grid-item\" data-id=\"121\"><div class=\"rt-holder\"><div class=\"rt-row\"><div class='rt-col-sm-4 rt-col-xs-12 '><div class=\"rt-img-holder\"><a data-id='121' class='' href='https:\/\/liob.fr\/index.php\/2025\/04\/04\/accompagnement-au-sky\/'><img loading=\"lazy\" decoding=\"async\" width=\"1000\" height=\"667\" src=\"https:\/\/liob.fr\/wp-content\/uploads\/2025\/04\/shutterstock_375171016.jpg\" class=\"rt-img-responsive \" alt=\"\" \/><\/a><\/div><\/div><div class='rt-col-sm-8 rt-col-xs-12 '><div class='rt-detail'><h3 class=\"entry-title\"><a data-id=\"121\" class=\"\" href=\"https:\/\/liob.fr\/index.php\/2025\/04\/04\/accompagnement-au-sky\/\">Sport et d\u00e9veloppement de soi : la m\u00e9thode Corps et Mental<\/a><\/h3><div class='tpg-excerpt'>Le d\u00e9veloppement personnel est souvent abord\u00e9 sous un angle purement mental: gestion des \u00e9motions, confiance...<\/div><span class='read-more '><a data-id='121' class='' href='https:\/\/liob.fr\/index.php\/2025\/04\/04\/accompagnement-au-sky\/'>Read More<\/a><\/span><\/div><\/div><\/div><\/div><\/div><\/div><\/div>\n\n\n\n<p><\/p>\n","protected":false},"excerpt":{"rendered":"<p>Voici tous nos articles<\/p>\n","protected":false},"author":1,"featured_media":0,"parent":0,"menu_order":0,"comment_status":"closed","ping_status":"closed","template":"","meta":{"footnotes":""},"class_list":["post-144","page","type-page","status-publish","hentry"],"rttpg_featured_image_url":null,"rttpg_author":{"display_name":"admin8653","author_link":"https:\/\/liob.fr\/index.php\/author\/admin8653\/"},"rttpg_comment":0,"rttpg_category":"","rttpg_excerpt":"Voici tous nos articles","_links":{"self":[{"href":"https:\/\/liob.fr\/index.php\/wp-json\/wp\/v2\/pages\/144","targetHints":{"allow":["GET"]}}],"collection":[{"href":"https:\/\/liob.fr\/index.php\/wp-json\/wp\/v2\/pages"}],"about":[{"href":"https:\/\/liob.fr\/index.php\/wp-json\/wp\/v2\/types\/page"}],"author":[{"embeddable":true,"href":"https:\/\/liob.fr\/index.php\/wp-json\/wp\/v2\/users\/1"}],"replies":[{"embeddable":true,"href":"https:\/\/liob.fr\/index.php\/wp-json\/wp\/v2\/comments?post=144"}],"version-history":[{"count":4,"href":"https:\/\/liob.fr\/index.php\/wp-json\/wp\/v2\/pages\/144\/revisions"}],"predecessor-version":[{"id":150,"href":"https:\/\/liob.fr\/index.php\/wp-json\/wp\/v2\/pages\/144\/revisions\/150"}],"wp:attachment":[{"href":"https:\/\/liob.fr\/index.php\/wp-json\/wp\/v2\/media?parent=144"}],"curies":[{"name":"wp","href":"https:\/\/api.w.org\/{rel}","templated":true}]}}